{"id":1624,"date":"2023-08-21T23:28:53","date_gmt":"2023-08-21T23:28:53","guid":{"rendered":"https:\/\/emperus.rs\/staging\/?page_id=1624"},"modified":"2023-10-15T17:22:38","modified_gmt":"2023-10-15T17:22:38","slug":"politika-kolacica","status":"publish","type":"page","link":"https:\/\/emperus.rs\/staging\/politika-kolacica\/","title":{"rendered":"Politika kola\u010di\u0107a"},"content":{"rendered":"\n<p><strong>Va\u017ei od:\u00a0<u>13.10.2023<\/u><\/strong><\/p>\n\n\n\n<p>Ova Politika upotrebe kola\u010di\u0107a\u00a0\u010dini\u00a0sastavni deo na\u0161e\u00a0Politike privatnosti i\u00a0Uslova kori\u0161\u0107enja.\u00a0O\u00a0kola\u010di\u0107ima, kao i o pode\u0161avanju kola\u010di\u0107a mo\u017eete vi\u0161e saznati\u00a0u donjem tekstu.\u00a0Termini\u00a0napisani velikim slovima u ovoj\u00a0Politici\u00a0upotrebe\u00a0kola\u010di\u0107a imaju isto zna\u010denje\u00a0kao termini\u00a0definisani\u00a0u\u00a0<a href=\"https:\/\/emperus.rs\/staging\/politika-privatnosti\/\" data-type=\"page\" data-id=\"3\">Politici privatnosti<\/a>\u00a0ili u odeljku\u00a0<a href=\"https:\/\/emperus.rs\/staging\/uslovi-koriscenja\/\" data-type=\"page\" data-id=\"54\">Uslova kori\u0161\u0107enja<\/a>.<\/p>\n\n\n\n<h2 class=\"wp-block-heading\"><strong>\u0160ta su kola\u010di\u0107i?<\/strong><\/h2>\n\n\n\n<p>Kola\u010di\u0107i su&nbsp;tekstualne datoteke koje sadr\u017ee male koli\u010dine informacija koje se preuzimaju na va\u0161 kompjuter ili mobilni ure\u0111aj kada&nbsp;posetite&nbsp;veb stranicu. Kola\u010di\u0107i se zatim vra\u0107aju na po\u010detni&nbsp;sajt&nbsp;prilikom svake naredne&nbsp;posete&nbsp;ili na drugi sajt koji&nbsp;prepoznaje taj kola\u010di\u0107.&nbsp;Zahvaljuju\u0107i kola\u010di\u0107ima,&nbsp;sajt mo\u017ee&nbsp;da prepozna ure\u0111aj korisnika.<\/p>\n\n\n\n<p>Koristimo kola\u010di\u0107e za prikupljanje podataka o kori\u0161\u0107enju&nbsp;Sajta. Svrha prikupljanja podataka putem kola\u010di\u0107a nema u cilju da identifikuje korisnike&nbsp;Sajta, ve\u0107 da pobolj\u0161a sadr\u017eaj&nbsp;Sajta&nbsp;i unapredi Va\u0161e korisni\u010dko iskustvo.<\/p>\n\n\n\n<h2 class=\"wp-block-heading\"><strong>Vrste kola\u010di\u0107a<\/strong><\/h2>\n\n\n\n<p>Sajt&nbsp;koristi nekoliko vrsta kola\u010di\u0107a, koji se koriste u razli\u010dite svrhe:<\/p>\n\n\n\n<ul class=\"wp-block-list\">\n<li><strong>Statisti\u010dki<\/strong>&nbsp;<strong>kola\u010di\u0107i<\/strong>&nbsp;\u2013 poma\u017eu nam da razumemo na\u010din na koji posetioci&nbsp;Sajta koriste na\u0161&nbsp;Sajt tako \u0161to anonimno prikupljaju i prijavljuju podatke.<\/li>\n\n\n\n<li><strong>Marketin\u0161ki kola\u010di\u0107i&nbsp;<\/strong>\u2013&nbsp;poma\u017eu nam da vam omogu\u0107imo dobro korisni\u010dko iskustvo, prilagodimo sadr\u017eaj&nbsp;Sajta i omogu\u0107avaju nam da neprestano pobolj\u0161avamo&nbsp;Sajt.<\/li>\n<\/ul>\n\n\n\n<h2 class=\"wp-block-heading\"><strong>Kako da blokirate kola\u010di\u0107e?<\/strong><\/h2>\n\n\n\n<p>Ukoliko&nbsp;\u017eelite da onemogu\u0107ite upotrebu kola\u010di\u0107a, to mo\u017eete u\u010diniti na slede\u0107i na\u010din:<\/p>\n\n\n\n<p>Mo\u017eete koristiti pode\u0161avanja pretra\u017eiva\u010da.&nbsp;Naime,&nbsp;Ve\u0107ina internet pretra\u017eiva\u010da je konfigurisana da podrazumeva prihvatanje kola\u010di\u0107a. Me\u0111utim, ukoliko \u017eelite da odbijete ili izbri\u0161ete kola\u010di\u0107e (ili sli\u010dnu tehnologiju), molimo Vas da pogledate odeljak za pomo\u0107 i podr\u0161ku na Va\u0161em pretra\u017eiva\u010du za uputstva o tome kako da blokirate ili obri\u0161ete kola\u010di\u0107e (npr: Internet Explorer, Google Chrome, Mozilla Firefox i Safari). Imajte u vidu da svaki pretra\u017eiva\u010d ima razli\u010dite procedure za upravljanje i konfigurisanje kola\u010di\u0107a. Me\u0111utim, ukoliko koristite pode\u0161avanja pretra\u017eiva\u010da da blokirate sve kola\u010di\u0107e (uklju\u010duju\u0107i i neophodne kola\u010di\u0107e), mogu\u0107e je da ne\u0107ete imati pristup svim ili odre\u0111enim delovima&nbsp;Sajta.<\/p>\n\n\n\n<h2 class=\"wp-block-heading\" id=\"izmene-nase-politike-upotrebe-kolacica\"><strong><u>I<\/u>zmene na\u0161e Politike upotrebe kola\u010di\u0107a<\/strong><\/h2>\n\n\n\n<p>Ova Politika upotrebe kola\u010di\u0107a mo\u017ee biti a\u017eurirana s vremena na vreme. Ukoliko promenimo bilo \u0161ta od zna\u010daja u vezi sa ovom Politikom upotrebe kola\u010di\u0107a, obavesti\u0107emo vas putem pop-up ekrana na&nbsp;Sajtu u razumnom roku, pre i nakon izmene.<\/p>\n","protected":false},"excerpt":{"rendered":"<p>Va\u017ei od:\u00a013.10.2023 Ova Politika upotrebe kola\u010di\u0107a\u00a0\u010dini\u00a0sastavni deo na\u0161e\u00a0Politike privatnosti i\u00a0Uslova kori\u0161\u0107enja.\u00a0O\u00a0kola\u010di\u0107ima, kao i o pode\u0161avanju kola\u010di\u0107a mo\u017eete vi\u0161e saznati\u00a0u donjem tekstu.\u00a0Termini\u00a0napisani velikim slovima u ovoj\u00a0Politici\u00a0upotrebe\u00a0kola\u010di\u0107a imaju isto zna\u010denje\u00a0kao termini\u00a0definisani\u00a0u\u00a0Politici privatnosti\u00a0ili u odeljku\u00a0Uslova kori\u0161\u0107enja. \u0160ta su kola\u010di\u0107i? Kola\u010di\u0107i su&nbsp;tekstualne datoteke koje sadr\u017ee male koli\u010dine informacija koje se preuzimaju na va\u0161 kompjuter ili mobilni ure\u0111aj kada&nbsp;posetite&nbsp;veb stranicu. [&hellip;]<\/p>\n","protected":false},"author":3,"featured_media":0,"parent":0,"menu_order":0,"comment_status":"closed","ping_status":"closed","template":"","meta":{"_acf_changed":false,"footnotes":""},"class_list":["post-1624","page","type-page","status-publish","hentry"],"acf":[],"_links":{"self":[{"href":"https:\/\/emperus.rs\/staging\/wp-json\/wp\/v2\/pages\/1624","targetHints":{"allow":["GET"]}}],"collection":[{"href":"https:\/\/emperus.rs\/staging\/wp-json\/wp\/v2\/pages"}],"about":[{"href":"https:\/\/emperus.rs\/staging\/wp-json\/wp\/v2\/types\/page"}],"author":[{"embeddable":true,"href":"https:\/\/emperus.rs\/staging\/wp-json\/wp\/v2\/users\/3"}],"replies":[{"embeddable":true,"href":"https:\/\/emperus.rs\/staging\/wp-json\/wp\/v2\/comments?post=1624"}],"version-history":[{"count":0,"href":"https:\/\/emperus.rs\/staging\/wp-json\/wp\/v2\/pages\/1624\/revisions"}],"wp:attachment":[{"href":"https:\/\/emperus.rs\/staging\/wp-json\/wp\/v2\/media?parent=1624"}],"curies":[{"name":"wp","href":"https:\/\/api.w.org\/{rel}","templated":true}]}}