{"id":166,"date":"2023-04-21T01:21:57","date_gmt":"2023-04-21T01:21:57","guid":{"rendered":"https:\/\/emperus.rs\/staging\/?page_id=166"},"modified":"2024-08-17T06:33:00","modified_gmt":"2024-08-17T04:33:00","slug":"o-nama","status":"publish","type":"page","link":"https:\/\/emperus.rs\/staging\/o-nama\/","title":{"rendered":"O nama"},"content":{"rendered":"\t\t<div data-elementor-type=\"wp-page\" data-elementor-id=\"166\" class=\"elementor elementor-166\" data-elementor-post-type=\"page\">\n\t\t\t\t<div class=\"elementor-element elementor-element-93974cf e-flex e-con-boxed e-con e-parent\" data-id=\"93974cf\" data-element_type=\"container\" data-e-type=\"container\" data-settings=\"{&quot;background_background&quot;:&quot;gradient&quot;}\">\n\t\t\t\t\t<div class=\"e-con-inner\">\n\t\t\t\t<div class=\"elementor-element elementor-element-03bc082 elementor-widget elementor-widget-heading\" data-id=\"03bc082\" data-element_type=\"widget\" data-e-type=\"widget\" data-widget_type=\"heading.default\">\n\t\t\t\t<div class=\"elementor-widget-container\">\n\t\t\t\t\t<h1 class=\"elementor-heading-title elementor-size-default\">O NAMA<\/h1>\t\t\t\t<\/div>\n\t\t\t\t<\/div>\n\t\t\t\t<div class=\"elementor-element elementor-element-8567e62 elementor-widget elementor-widget-text-editor\" data-id=\"8567e62\" data-element_type=\"widget\" data-e-type=\"widget\" data-widget_type=\"text-editor.default\">\n\t\t\t\t<div class=\"elementor-widget-container\">\n\t\t\t\t\t\t\t\t\t<p>Saznajte kako je <span style=\"color: #ffd87d;\"><strong>EMPERUS<\/strong><\/span> nastao, upoznajte na\u0161u istoriju i ljude koji neumorno rade na ispunjenju na\u0161e misije i vizije.<\/p>\t\t\t\t\t\t\t\t<\/div>\n\t\t\t\t<\/div>\n\t\t\t\t\t<\/div>\n\t\t\t\t<\/div>\n\t\t<div class=\"elementor-element elementor-element-0725ef9 e-con-full e-flex e-con e-parent\" data-id=\"0725ef9\" data-element_type=\"container\" data-e-type=\"container\">\n\t\t<div class=\"elementor-element elementor-element-32bf0a0 e-con-full e-flex e-con e-child\" data-id=\"32bf0a0\" data-element_type=\"container\" data-e-type=\"container\" data-settings=\"{&quot;background_background&quot;:&quot;gradient&quot;}\">\n\t\t\t\t<div class=\"elementor-element elementor-element-7d4cd7a elementor-widget__width-initial elementor-widget elementor-widget-image\" data-id=\"7d4cd7a\" data-element_type=\"widget\" data-e-type=\"widget\" data-widget_type=\"image.default\">\n\t\t\t\t<div class=\"elementor-widget-container\">\n\t\t\t\t\t\t\t\t\t\t\t\t\t\t\t<img decoding=\"async\" width=\"231\" height=\"44\" src=\"https:\/\/emperus.rs\/staging\/wp-content\/uploads\/2023\/08\/Video-top-shape.svg\" class=\"attachment-full size-full wp-image-667\" alt=\"\" \/>\t\t\t\t\t\t\t\t\t\t\t\t\t\t\t<\/div>\n\t\t\t\t<\/div>\n\t\t\t\t<div class=\"elementor-element elementor-element-d1ed66c elementor-widget elementor-widget-image\" data-id=\"d1ed66c\" data-element_type=\"widget\" data-e-type=\"widget\" data-widget_type=\"image.default\">\n\t\t\t\t<div class=\"elementor-widget-container\">\n\t\t\t\t\t\t\t\t\t\t\t\t\t\t\t<img fetchpriority=\"high\" decoding=\"async\" width=\"964\" height=\"1300\" src=\"https:\/\/emperus.rs\/staging\/wp-content\/uploads\/2023\/08\/Emperus-Slobodan-sa-Relikvijama.jpg\" class=\"attachment-full size-full wp-image-1990\" alt=\"\" srcset=\"https:\/\/emperus.rs\/staging\/wp-content\/uploads\/2023\/08\/Emperus-Slobodan-sa-Relikvijama.jpg 964w, https:\/\/emperus.rs\/staging\/wp-content\/uploads\/2023\/08\/Emperus-Slobodan-sa-Relikvijama-222x300.jpg 222w, https:\/\/emperus.rs\/staging\/wp-content\/uploads\/2023\/08\/Emperus-Slobodan-sa-Relikvijama-759x1024.jpg 759w, https:\/\/emperus.rs\/staging\/wp-content\/uploads\/2023\/08\/Emperus-Slobodan-sa-Relikvijama-768x1036.jpg 768w, https:\/\/emperus.rs\/staging\/wp-content\/uploads\/2023\/08\/Emperus-Slobodan-sa-Relikvijama-71x96.jpg 71w, https:\/\/emperus.rs\/staging\/wp-content\/uploads\/2023\/08\/Emperus-Slobodan-sa-Relikvijama-31x42.jpg 31w, https:\/\/emperus.rs\/staging\/wp-content\/uploads\/2023\/08\/Emperus-Slobodan-sa-Relikvijama-600x809.jpg 600w\" sizes=\"(max-width: 964px) 100vw, 964px\" \/>\t\t\t\t\t\t\t\t\t\t\t\t\t\t\t<\/div>\n\t\t\t\t<\/div>\n\t\t\t\t<div class=\"elementor-element elementor-element-3468449 elementor-widget__width-initial elementor-widget elementor-widget-image\" data-id=\"3468449\" data-element_type=\"widget\" data-e-type=\"widget\" data-widget_type=\"image.default\">\n\t\t\t\t<div class=\"elementor-widget-container\">\n\t\t\t\t\t\t\t\t\t\t\t\t\t\t\t<img decoding=\"async\" width=\"230\" height=\"44\" src=\"https:\/\/emperus.rs\/staging\/wp-content\/uploads\/2023\/08\/Video-bottom-shape.svg\" class=\"attachment-full size-full wp-image-668\" alt=\"\" \/>\t\t\t\t\t\t\t\t\t\t\t\t\t\t\t<\/div>\n\t\t\t\t<\/div>\n\t\t\t\t<\/div>\n\t\t<div class=\"elementor-element elementor-element-e51f2fa e-con-full e-flex e-con e-child\" data-id=\"e51f2fa\" data-element_type=\"container\" data-e-type=\"container\" data-settings=\"{&quot;background_background&quot;:&quot;gradient&quot;}\">\n\t\t\t\t<div class=\"elementor-element elementor-element-fb815a5 elementor-widget elementor-widget-heading\" data-id=\"fb815a5\" data-element_type=\"widget\" data-e-type=\"widget\" data-widget_type=\"heading.default\">\n\t\t\t\t<div class=\"elementor-widget-container\">\n\t\t\t\t\t<h2 class=\"elementor-heading-title elementor-size-default\">Nastanak EMPERUSA<\/h2>\t\t\t\t<\/div>\n\t\t\t\t<\/div>\n\t\t\t\t<div class=\"elementor-element elementor-element-9ac2370 elementor-widget__width-inherit elementor-widget elementor-widget-text-editor\" data-id=\"9ac2370\" data-element_type=\"widget\" data-e-type=\"widget\" data-widget_type=\"text-editor.default\">\n\t\t\t\t<div class=\"elementor-widget-container\">\n\t\t\t\t\t\t\t\t\t<p><span style=\"color: #ffd87d;\"><a style=\"color: #ffd87d;\" href=\"https:\/\/emperus.rs\/staging\/stare-rakije\/\"><strong>EMPERUS<\/strong><\/a><\/span> destilerija je nastala kao kruna na\u0161e vi\u0161edecenijske porodi\u010dne tradicije \u2013 uzgajanja vo\u0107a i proizvodnje \u0161ljivovica i dunjeva\u010da.<\/p>\t\t\t\t\t\t\t\t<\/div>\n\t\t\t\t<\/div>\n\t\t\t\t<div class=\"elementor-element elementor-element-cb64ade elementor-widget elementor-widget-button\" data-id=\"cb64ade\" data-element_type=\"widget\" data-e-type=\"widget\" data-widget_type=\"button.default\">\n\t\t\t\t<div class=\"elementor-widget-container\">\n\t\t\t\t\t\t\t\t\t<div class=\"elementor-button-wrapper\">\n\t\t\t\t\t<a class=\"elementor-button elementor-button-link elementor-size-sm\" href=\"https:\/\/emperus.rs\/staging\/o-nama\/nastanak-emperusa\/\">\n\t\t\t\t\t\t<span class=\"elementor-button-content-wrapper\">\n\t\t\t\t\t\t\t\t\t<span class=\"elementor-button-text\">Saznajte vi\u0161e<\/span>\n\t\t\t\t\t<\/span>\n\t\t\t\t\t<\/a>\n\t\t\t\t<\/div>\n\t\t\t\t\t\t\t\t<\/div>\n\t\t\t\t<\/div>\n\t\t\t\t<\/div>\n\t\t\t\t<\/div>\n\t\t<div class=\"elementor-element elementor-element-540be56 e-con-full e-flex e-con e-parent\" data-id=\"540be56\" data-element_type=\"container\" data-e-type=\"container\">\n\t\t<div class=\"elementor-element elementor-element-be26a5a e-con-full e-flex e-con e-child\" data-id=\"be26a5a\" data-element_type=\"container\" data-e-type=\"container\" data-settings=\"{&quot;background_background&quot;:&quot;gradient&quot;}\">\n\t\t\t\t<div class=\"elementor-element elementor-element-6a8119d elementor-widget elementor-widget-heading\" data-id=\"6a8119d\" data-element_type=\"widget\" data-e-type=\"widget\" data-widget_type=\"heading.default\">\n\t\t\t\t<div class=\"elementor-widget-container\">\n\t\t\t\t\t<h2 class=\"elementor-heading-title elementor-size-default\">NA\u0160A ISTORIJA<\/h2>\t\t\t\t<\/div>\n\t\t\t\t<\/div>\n\t\t\t\t<div class=\"elementor-element elementor-element-1d7d719 elementor-widget__width-inherit elementor-widget elementor-widget-text-editor\" data-id=\"1d7d719\" data-element_type=\"widget\" data-e-type=\"widget\" data-widget_type=\"text-editor.default\">\n\t\t\t\t<div class=\"elementor-widget-container\">\n\t\t\t\t\t\t\t\t\t<p>Ponosni smo na na\u0161e pretke i sve \u0161to smo od njih nasledili. Velika je privilegija posedovati rakije iz sredine pro\u0161log veka, koje poseduju i radiokarbonske sertifikate o starosti.<\/p>\t\t\t\t\t\t\t\t<\/div>\n\t\t\t\t<\/div>\n\t\t\t\t<div class=\"elementor-element elementor-element-9ba3aad elementor-widget elementor-widget-button\" data-id=\"9ba3aad\" data-element_type=\"widget\" data-e-type=\"widget\" data-widget_type=\"button.default\">\n\t\t\t\t<div class=\"elementor-widget-container\">\n\t\t\t\t\t\t\t\t\t<div class=\"elementor-button-wrapper\">\n\t\t\t\t\t<a class=\"elementor-button elementor-button-link elementor-size-sm\" href=\"https:\/\/emperus.rs\/staging\/o-nama\/nasa-istorija\/\">\n\t\t\t\t\t\t<span class=\"elementor-button-content-wrapper\">\n\t\t\t\t\t\t\t\t\t<span class=\"elementor-button-text\">Saznajte vi\u0161e<\/span>\n\t\t\t\t\t<\/span>\n\t\t\t\t\t<\/a>\n\t\t\t\t<\/div>\n\t\t\t\t\t\t\t\t<\/div>\n\t\t\t\t<\/div>\n\t\t\t\t<\/div>\n\t\t<div class=\"elementor-element elementor-element-3895058 e-con-full e-flex e-con e-child\" data-id=\"3895058\" data-element_type=\"container\" data-e-type=\"container\" data-settings=\"{&quot;background_background&quot;:&quot;gradient&quot;}\">\n\t\t\t\t<div class=\"elementor-element elementor-element-73be9ec elementor-widget__width-initial elementor-widget elementor-widget-image\" data-id=\"73be9ec\" data-element_type=\"widget\" data-e-type=\"widget\" data-widget_type=\"image.default\">\n\t\t\t\t<div class=\"elementor-widget-container\">\n\t\t\t\t\t\t\t\t\t\t\t\t\t\t\t<img decoding=\"async\" width=\"231\" height=\"44\" src=\"https:\/\/emperus.rs\/staging\/wp-content\/uploads\/2023\/08\/Video-top-shape.svg\" class=\"attachment-full size-full wp-image-667\" alt=\"\" \/>\t\t\t\t\t\t\t\t\t\t\t\t\t\t\t<\/div>\n\t\t\t\t<\/div>\n\t\t\t\t<div class=\"elementor-element elementor-element-4fd5397 elementor-widget elementor-widget-image\" data-id=\"4fd5397\" data-element_type=\"widget\" data-e-type=\"widget\" data-widget_type=\"image.default\">\n\t\t\t\t<div class=\"elementor-widget-container\">\n\t\t\t\t\t\t\t\t\t\t\t\t\t\t\t<img loading=\"lazy\" decoding=\"async\" width=\"1400\" height=\"933\" src=\"https:\/\/emperus.rs\/staging\/wp-content\/uploads\/2023\/08\/Emperus-Ocenjivanje-relikvija.jpg\" class=\"attachment-full size-full wp-image-1991\" alt=\"\" srcset=\"https:\/\/emperus.rs\/staging\/wp-content\/uploads\/2023\/08\/Emperus-Ocenjivanje-relikvija.jpg 1400w, https:\/\/emperus.rs\/staging\/wp-content\/uploads\/2023\/08\/Emperus-Ocenjivanje-relikvija-300x200.jpg 300w, https:\/\/emperus.rs\/staging\/wp-content\/uploads\/2023\/08\/Emperus-Ocenjivanje-relikvija-1024x682.jpg 1024w, https:\/\/emperus.rs\/staging\/wp-content\/uploads\/2023\/08\/Emperus-Ocenjivanje-relikvija-768x512.jpg 768w, https:\/\/emperus.rs\/staging\/wp-content\/uploads\/2023\/08\/Emperus-Ocenjivanje-relikvija-96x64.jpg 96w, https:\/\/emperus.rs\/staging\/wp-content\/uploads\/2023\/08\/Emperus-Ocenjivanje-relikvija-42x28.jpg 42w, https:\/\/emperus.rs\/staging\/wp-content\/uploads\/2023\/08\/Emperus-Ocenjivanje-relikvija-600x400.jpg 600w\" sizes=\"(max-width: 1400px) 100vw, 1400px\" \/>\t\t\t\t\t\t\t\t\t\t\t\t\t\t\t<\/div>\n\t\t\t\t<\/div>\n\t\t\t\t<div class=\"elementor-element elementor-element-4b7f1b3 elementor-widget__width-initial elementor-widget elementor-widget-image\" data-id=\"4b7f1b3\" data-element_type=\"widget\" data-e-type=\"widget\" data-widget_type=\"image.default\">\n\t\t\t\t<div class=\"elementor-widget-container\">\n\t\t\t\t\t\t\t\t\t\t\t\t\t\t\t<img decoding=\"async\" width=\"230\" height=\"44\" src=\"https:\/\/emperus.rs\/staging\/wp-content\/uploads\/2023\/08\/Video-bottom-shape.svg\" class=\"attachment-full size-full wp-image-668\" alt=\"\" \/>\t\t\t\t\t\t\t\t\t\t\t\t\t\t\t<\/div>\n\t\t\t\t<\/div>\n\t\t\t\t<\/div>\n\t\t\t\t<\/div>\n\t\t<div class=\"elementor-element elementor-element-d90b817 e-con-full e-flex e-con e-parent\" data-id=\"d90b817\" data-element_type=\"container\" data-e-type=\"container\">\n\t\t<div class=\"elementor-element elementor-element-362bfa2 e-con-full e-flex e-con e-child\" data-id=\"362bfa2\" data-element_type=\"container\" data-e-type=\"container\" data-settings=\"{&quot;background_background&quot;:&quot;gradient&quot;}\">\n\t\t\t\t<div class=\"elementor-element elementor-element-6d3a579 elementor-widget__width-initial elementor-widget elementor-widget-image\" data-id=\"6d3a579\" data-element_type=\"widget\" data-e-type=\"widget\" data-widget_type=\"image.default\">\n\t\t\t\t<div class=\"elementor-widget-container\">\n\t\t\t\t\t\t\t\t\t\t\t\t\t\t\t<img decoding=\"async\" width=\"231\" height=\"44\" src=\"https:\/\/emperus.rs\/staging\/wp-content\/uploads\/2023\/08\/Video-top-shape.svg\" class=\"attachment-full size-full wp-image-667\" alt=\"\" \/>\t\t\t\t\t\t\t\t\t\t\t\t\t\t\t<\/div>\n\t\t\t\t<\/div>\n\t\t\t\t<div class=\"elementor-element elementor-element-f084cc6 elementor-widget elementor-widget-image\" data-id=\"f084cc6\" data-element_type=\"widget\" data-e-type=\"widget\" data-widget_type=\"image.default\">\n\t\t\t\t<div class=\"elementor-widget-container\">\n\t\t\t\t\t\t\t\t\t\t\t\t\t\t\t<img loading=\"lazy\" decoding=\"async\" width=\"1583\" height=\"937\" src=\"https:\/\/emperus.rs\/staging\/wp-content\/uploads\/2023\/08\/Emperus-ljudi-rezaci-1.png\" class=\"attachment-full size-full wp-image-1995\" alt=\"\" srcset=\"https:\/\/emperus.rs\/staging\/wp-content\/uploads\/2023\/08\/Emperus-ljudi-rezaci-1.png 1583w, https:\/\/emperus.rs\/staging\/wp-content\/uploads\/2023\/08\/Emperus-ljudi-rezaci-1-300x178.png 300w, https:\/\/emperus.rs\/staging\/wp-content\/uploads\/2023\/08\/Emperus-ljudi-rezaci-1-1024x606.png 1024w, https:\/\/emperus.rs\/staging\/wp-content\/uploads\/2023\/08\/Emperus-ljudi-rezaci-1-768x455.png 768w, https:\/\/emperus.rs\/staging\/wp-content\/uploads\/2023\/08\/Emperus-ljudi-rezaci-1-96x57.png 96w, https:\/\/emperus.rs\/staging\/wp-content\/uploads\/2023\/08\/Emperus-ljudi-rezaci-1-42x25.png 42w, https:\/\/emperus.rs\/staging\/wp-content\/uploads\/2023\/08\/Emperus-ljudi-rezaci-1-1536x909.png 1536w, https:\/\/emperus.rs\/staging\/wp-content\/uploads\/2023\/08\/Emperus-ljudi-rezaci-1-600x355.png 600w\" sizes=\"(max-width: 1583px) 100vw, 1583px\" \/>\t\t\t\t\t\t\t\t\t\t\t\t\t\t\t<\/div>\n\t\t\t\t<\/div>\n\t\t\t\t<div class=\"elementor-element elementor-element-9afa1da elementor-widget__width-initial elementor-widget elementor-widget-image\" data-id=\"9afa1da\" data-element_type=\"widget\" data-e-type=\"widget\" data-widget_type=\"image.default\">\n\t\t\t\t<div class=\"elementor-widget-container\">\n\t\t\t\t\t\t\t\t\t\t\t\t\t\t\t<img decoding=\"async\" width=\"230\" height=\"44\" src=\"https:\/\/emperus.rs\/staging\/wp-content\/uploads\/2023\/08\/Video-bottom-shape.svg\" class=\"attachment-full size-full wp-image-668\" alt=\"\" \/>\t\t\t\t\t\t\t\t\t\t\t\t\t\t\t<\/div>\n\t\t\t\t<\/div>\n\t\t\t\t<\/div>\n\t\t<div class=\"elementor-element elementor-element-2884338 e-con-full e-flex e-con e-child\" data-id=\"2884338\" data-element_type=\"container\" data-e-type=\"container\" data-settings=\"{&quot;background_background&quot;:&quot;gradient&quot;}\">\n\t\t\t\t<div class=\"elementor-element elementor-element-c9b859a elementor-widget elementor-widget-heading\" data-id=\"c9b859a\" data-element_type=\"widget\" data-e-type=\"widget\" data-widget_type=\"heading.default\">\n\t\t\t\t<div class=\"elementor-widget-container\">\n\t\t\t\t\t<h2 class=\"elementor-heading-title elementor-size-default\">NA\u0160I LJUDI<\/h2>\t\t\t\t<\/div>\n\t\t\t\t<\/div>\n\t\t\t\t<div class=\"elementor-element elementor-element-97da52e elementor-widget__width-inherit elementor-widget elementor-widget-text-editor\" data-id=\"97da52e\" data-element_type=\"widget\" data-e-type=\"widget\" data-widget_type=\"text-editor.default\">\n\t\t\t\t<div class=\"elementor-widget-container\">\n\t\t\t\t\t\t\t\t\t<p>Upoznajte neke od \u010dlanova <span style=\"color: #ffd87d;\"><strong>EMPERUS<\/strong><\/span> porodice.<\/p>\t\t\t\t\t\t\t\t<\/div>\n\t\t\t\t<\/div>\n\t\t\t\t<div class=\"elementor-element elementor-element-2555acf elementor-widget elementor-widget-button\" data-id=\"2555acf\" data-element_type=\"widget\" data-e-type=\"widget\" data-widget_type=\"button.default\">\n\t\t\t\t<div class=\"elementor-widget-container\">\n\t\t\t\t\t\t\t\t\t<div class=\"elementor-button-wrapper\">\n\t\t\t\t\t<a class=\"elementor-button elementor-button-link elementor-size-sm\" href=\"https:\/\/emperus.rs\/staging\/o-nama\/nasi-ljudi\/\">\n\t\t\t\t\t\t<span class=\"elementor-button-content-wrapper\">\n\t\t\t\t\t\t\t\t\t<span class=\"elementor-button-text\">Saznajte vi\u0161e<\/span>\n\t\t\t\t\t<\/span>\n\t\t\t\t\t<\/a>\n\t\t\t\t<\/div>\n\t\t\t\t\t\t\t\t<\/div>\n\t\t\t\t<\/div>\n\t\t\t\t<\/div>\n\t\t\t\t<\/div>\n\t\t\t\t<\/div>\n\t\t","protected":false},"excerpt":{"rendered":"<p>O NAMA Saznajte kako je EMPERUS nastao, upoznajte na\u0161u istoriju i ljude koji neumorno rade na ispunjenju na\u0161e misije i vizije. Nastanak EMPERUSA EMPERUS destilerija je nastala kao kruna na\u0161e vi\u0161edecenijske porodi\u010dne tradicije \u2013 uzgajanja vo\u0107a i proizvodnje \u0161ljivovica i dunjeva\u010da. Saznajte vi\u0161e NA\u0160A ISTORIJA Ponosni smo na na\u0161e pretke i sve \u0161to smo od [&hellip;]<\/p>\n","protected":false},"author":1,"featured_media":0,"parent":0,"menu_order":0,"comment_status":"closed","ping_status":"closed","template":"","meta":{"_acf_changed":false,"footnotes":""},"class_list":["post-166","page","type-page","status-publish","hentry"],"acf":[],"_links":{"self":[{"href":"https:\/\/emperus.rs\/staging\/wp-json\/wp\/v2\/pages\/166","targetHints":{"allow":["GET"]}}],"collection":[{"href":"https:\/\/emperus.rs\/staging\/wp-json\/wp\/v2\/pages"}],"about":[{"href":"https:\/\/emperus.rs\/staging\/wp-json\/wp\/v2\/types\/page"}],"author":[{"embeddable":true,"href":"https:\/\/emperus.rs\/staging\/wp-json\/wp\/v2\/users\/1"}],"replies":[{"embeddable":true,"href":"https:\/\/emperus.rs\/staging\/wp-json\/wp\/v2\/comments?post=166"}],"version-history":[{"count":1,"href":"https:\/\/emperus.rs\/staging\/wp-json\/wp\/v2\/pages\/166\/revisions"}],"predecessor-version":[{"id":3367,"href":"https:\/\/emperus.rs\/staging\/wp-json\/wp\/v2\/pages\/166\/revisions\/3367"}],"wp:attachment":[{"href":"https:\/\/emperus.rs\/staging\/wp-json\/wp\/v2\/media?parent=166"}],"curies":[{"name":"wp","href":"https:\/\/api.w.org\/{rel}","templated":true}]}}