{"id":229,"date":"2023-04-24T20:57:37","date_gmt":"2023-04-24T20:57:37","guid":{"rendered":"https:\/\/emperus.rs\/staging\/thank-you\/"},"modified":"2023-04-26T13:35:16","modified_gmt":"2023-04-26T13:35:16","slug":"hvala-na-zakazivanju","status":"publish","type":"page","link":"https:\/\/emperus.rs\/staging\/hvala-na-zakazivanju\/","title":{"rendered":"Hvala na zakazivanju"},"content":{"rendered":"<div class=\"bpa-front-thankyou-module-container\">\n<div class=\"bpa-front-tmc__head\">\n<div class=\"bpa-front-tmc__booking-id\">\n<div class=\"bpa-front-bi__label\">ID Termina: <span class=\"bpa-front-bi__val\"><\/span><\/div>\n<\/div>\n<div class=\"bpa-front-tmc__title\">Uspe\u0161no ste zakazali termin posete!<\/div>\n<p>Na Va\u0161 email su poslati svi detalji ovog termina.<\/p>\n<\/div>\n<div class=\"bpa-front-tmc__summary-content\">\n<div class=\"bpa-front-tmc__sc-item\">\n<div class=\"bpa-front-sc-item__label\">Tip Termina:<\/div>\n<div class=\"bpa-front-sc-item__val\"><div class=\"bookingpress_service_shortcode_container\"><\/div><\/div>\n<\/div>\n<div class=\"bpa-front-tmc__sc-item\">\n<div class=\"bpa-front-sc-item__label\">Datum i vreme:<\/div>\n<div class=\"bpa-front-sc-item__val\"><div class=\"bookinpress-datetime-container\"><\/div><\/div>\n<\/div>\n<div class=\"bpa-front-tmc__sc-item\">\n<div class=\"bpa-front-sc-item__label\">Klijent:<\/div>\n<div class=\"bpa-front-sc-item__val\"><div class='bookingpress-appointment-customer-container'><\/div><\/div>\n<\/div>\n<\/div>\n<div class=\"bpa-front-module--add-to-calendar\">\n<div class=\"bpa-fm--atc__heading\">Dodajte u Va\u0161 kalendar<\/div>\n<div id=\"bpa-front-module-calendar-integration\"><div class=\"bpa-front-module--atc-wrapper\">\t\t\t\t\t\t\t\t\n                                        <div v-for=\"item in bookingpress_calendar_list\" :class=\"'bpa-front-module--atc__item bpa-fm--atc__'+item.value\" style=\"margin:0px 12px 12px 0px\">\n                                            <el-button class=\"bpa-front-btn bpa-front-btn__medium bpa-front-btn--full-width\" id=\"bookingpress_ical_calendar\" v-if=\"item.value == 'ical_calendar'\">\n                                                <span class=\"bpa-thank-you-add-cal\">\n                                                    <svg width=\"14\" height=\"16\" viewBox=\"0 0 14 16\" fill=\"none\" xmlns=\"http:\/\/www.w3.org\/2000\/svg\">\n                                                        <g clip-path=\"url(#clip0_1235_2762)\">\n                                                        <path fill-rule=\"evenodd\" clip-rule=\"evenodd\" d=\"M7.21165 1.39313C8.26508 0.00788564 9.72934 0 9.72934 0C9.72934 0 9.94793 1.30376 8.89977 2.55758C7.78313 3.89814 6.51375 3.67734 6.51375 3.67734C6.51375 3.67734 6.2741 2.6233 7.21165 1.39313Z\" fill=\"black\"\/>\n                                                        <path fill-rule=\"evenodd\" clip-rule=\"evenodd\" d=\"M6.64714 4.59251C7.18965 4.59251 8.19568 3.84863 9.50456 3.84863C11.7589 3.84863 12.6438 5.44942 12.6438 5.44942C12.6438 5.44942 10.9109 6.33524 10.9109 8.48014C10.9109 10.901 13.0704 11.7369 13.0704 11.7369C13.0704 11.7369 11.5614 15.9794 9.52037 15.9794C8.58281 15.9794 7.85595 15.3486 6.86836 15.3486C5.86233 15.3486 4.86421 16.0031 4.21372 16.0031C2.35178 16.0004 0 11.9787 0 8.743C0 5.55982 1.99098 3.89069 3.85818 3.89069C5.07226 3.89332 6.01508 4.59251 6.64714 4.59251Z\" fill=\"black\"\/>\n                                                        <\/g>\n                                                        <defs>\n                                                        <clipPath id=\"clip0_1235_2762\">\n                                                        <rect width=\"13.0704\" height=\"16\" fill=\"white\"\/>\n                                                        <\/clipPath>\n                                                        <\/defs>\n                                                    <\/svg>\n                                                <\/span>  \n                                                {{ item.name}}\n                                            <\/el-button>           \n                                            <el-link :href=\"bookingpress_google_calendar_link\" target=\"_blank\" class=\"bpa-front-btn bpa-front-btn__medium bpa-front-btn--full-width bpa-front-link--no-underline\" id=\"bookingpress_google_calendar\" v-if=\"item.value == 'google_calendar'\">\n                                                <span class=\"bpa-thank-you-add-cal\">\n                                                    <svg width=\"16\" class=\"bookingpress_google_calendar_svg\" height=\"16\" viewBox=\"0 0 16 16\" fill=\"none\" xmlns=\"http:\/\/www.w3.org\/2000\/svg\">\n                                                        <path fill-rule=\"evenodd\" clip-rule=\"evenodd\" d=\"M15.6444 8.17812C15.6444 7.64479 15.5556 7.02257 15.4667 6.57812H8V9.68924H12.2667C12.0889 10.667 11.5556 11.467 10.6667 12.0892V14.1337H13.3333C14.8444 12.7115 15.6444 10.5781 15.6444 8.17812Z\" fill=\"#4285F4\"\/>\n                                                        <path fill-rule=\"evenodd\" clip-rule=\"evenodd\" d=\"M7.99978 15.9996C10.1331 15.9996 11.9998 15.2885 13.3331 14.0441L10.6664 12.0885C9.95534 12.5329 9.06645 12.8885 7.99978 12.8885C5.95534 12.8885 4.17756 11.4663 3.55534 9.59961H0.888672V11.5552C2.13312 14.2218 4.88867 15.9996 7.99978 15.9996Z\" fill=\"#34A853\"\/>\n                                                        <path fill-rule=\"evenodd\" clip-rule=\"evenodd\" d=\"M3.55556 9.511C3.37778 9.06656 3.28889 8.53322 3.28889 7.99989C3.28889 7.46656 3.37778 6.93322 3.55556 6.48878V4.44434H0.888889C0.355556 5.511 0 6.75545 0 7.99989C0 9.24434 0.266667 10.4888 0.888889 11.5554L3.55556 9.511Z\" fill=\"#FBBC05\"\/>\n                                                        <path fill-rule=\"evenodd\" clip-rule=\"evenodd\" d=\"M7.99978 3.2C9.15534 3.2 10.222 3.64444 11.022 4.35556L13.3331 2.04444C11.9998 0.8 10.1331 0 7.99978 0C4.88867 0 2.13312 1.77778 0.888672 4.44444L3.55534 6.48889C4.17756 4.62222 5.95534 3.2 7.99978 3.2Z\" fill=\"#EA4335\"\/>\n                                                    <\/svg>\n                                                <\/span>\n                                                {{ item.name}}\n                                            <\/el-link>                                             \n                                            <el-button class=\"bpa-front-btn bpa-front-btn__medium bpa-front-btn--full-width\" id=\"bookingpress_outlook_calendar\" v-if=\"item.value ==  'outlook_calendar'\">                                                \n                                                <span class=\"bpa-thank-you-add-cal\">\n                                                    <svg width=\"16\" height=\"16\" viewBox=\"0 0 16 16\" fill=\"none\" xmlns=\"http:\/\/www.w3.org\/2000\/svg\">\n                                                        <g clip-path=\"url(#clip0_1235_2768)\">\n                                                        <path d=\"M7.57897 0H0V7.57897H7.57897V0Z\" fill=\"#F25022\"\/>\n                                                        <path d=\"M7.57897 8.4209H0V15.9999H7.57897V8.4209Z\" fill=\"#00A4EF\"\/>\n                                                        <path d=\"M16.0008 0H8.42188V7.57897H16.0008V0Z\" fill=\"#7FBA00\"\/>\n                                                        <path d=\"M16.0008 8.4209H8.42188V15.9999H16.0008V8.4209Z\" fill=\"#FFB900\"\/>\n                                                        <\/g>\n                                                        <defs>\n                                                        <clipPath id=\"clip0_1235_2768\">\n                                                        <rect width=\"16\" height=\"16\" fill=\"white\"\/>\n                                                        <\/clipPath>\n                                                        <\/defs>\n                                                    <\/svg>\n                                                <\/span>                                     \n                                                {{ item.name}}\n                                            <\/el-button>                                             \n                                            <el-link :href=\"bookingpress_yahoo_calendar_link\" target=\"_blank\" class=\"bpa-front-btn bpa-front-btn__medium bpa-front-btn--full-width bpa-front-link--no-underline\" id=\"bookingpress_yahoo_calendar\" v-if=\"item.value == \n                                            'yahoo_calendar'\">                                                \n                                                <span class=\"bpa-thank-you-add-cal\">\n                                                    <svg width=\"18\" height=\"16\" viewBox=\"0 0 18 16\" fill=\"none\" xmlns=\"http:\/\/www.w3.org\/2000\/svg\">\n                                                        <g clip-path=\"url(#clip0_1235_2766)\">\n                                                        <path d=\"M0 3.89506H3.43247L5.43118 9.00836L7.45588 3.89506H10.7976L5.76558 16H2.40215L3.77968 12.7924L0.000106295 3.89506H0ZM14.6891 7.98076H10.9461L14.2682 0L17.9975 0.000159442L14.6891 7.98076V7.98076ZM11.9266 8.74459C13.075 8.74459 14.006 9.67558 14.006 10.8238C14.006 11.9721 13.075 12.9031 11.9266 12.9031C10.7783 12.9031 9.84751 11.9721 9.84751 10.8238C9.84751 9.67558 10.7784 8.74459 11.9266 8.74459Z\" fill=\"#5F01D1\"\/>\n                                                        <\/g>\n                                                        <defs>\n                                                        <clipPath id=\"clip0_1235_2766\">\n                                                        <rect width=\"17.9975\" height=\"16\" fill=\"white\"\/>\n                                                        <\/clipPath>\n                                                        <\/defs>\n                                                    <\/svg>  \n                                                <\/span>                                      \n                                                {{ item.name}}\n                                            <\/el-link>  \n                                        <\/div><\/div><\/div>\n<\/div>\n<\/div>\n","protected":false},"excerpt":{"rendered":"<p>ID Termina: Uspe\u0161no ste zakazali termin posete! Na Va\u0161 email su poslati svi detalji ovog termina. Tip Termina: Datum i vreme: Klijent: Dodajte u Va\u0161 kalendar<\/p>\n","protected":false},"author":1,"featured_media":0,"parent":0,"menu_order":0,"comment_status":"open","ping_status":"closed","template":"","meta":{"_acf_changed":false,"footnotes":""},"class_list":["post-229","page","type-page","status-publish","hentry"],"acf":[],"_links":{"self":[{"href":"https:\/\/emperus.rs\/staging\/wp-json\/wp\/v2\/pages\/229","targetHints":{"allow":["GET"]}}],"collection":[{"href":"https:\/\/emperus.rs\/staging\/wp-json\/wp\/v2\/pages"}],"about":[{"href":"https:\/\/emperus.rs\/staging\/wp-json\/wp\/v2\/types\/page"}],"author":[{"embeddable":true,"href":"https:\/\/emperus.rs\/staging\/wp-json\/wp\/v2\/users\/1"}],"replies":[{"embeddable":true,"href":"https:\/\/emperus.rs\/staging\/wp-json\/wp\/v2\/comments?post=229"}],"version-history":[{"count":0,"href":"https:\/\/emperus.rs\/staging\/wp-json\/wp\/v2\/pages\/229\/revisions"}],"wp:attachment":[{"href":"https:\/\/emperus.rs\/staging\/wp-json\/wp\/v2\/media?parent=229"}],"curies":[{"name":"wp","href":"https:\/\/api.w.org\/{rel}","templated":true}]}}