{"id":230,"date":"2023-04-24T20:57:37","date_gmt":"2023-04-24T20:57:37","guid":{"rendered":"https:\/\/emperus.rs\/staging\/cancel-appointment\/"},"modified":"2023-04-26T13:24:14","modified_gmt":"2023-04-26T13:24:14","slug":"termin-otkazan","status":"publish","type":"page","link":"https:\/\/emperus.rs\/staging\/termin-otkazan\/","title":{"rendered":"Termin otkazan"},"content":{"rendered":"<div class=\"bpa-front-cancel-module-container\">\n<div class=\"bpa-front-cmc__title\">\u017dao nam je \u0161to ste tra\u017eili da otka\u017eete termin.<br \/>\nPoslali smo e-mail obave\u0161tenje o otkazivanju termina. Zato kliknite na dugme da biste otkazali termin.<\/div>\n<\/div>\n","protected":false},"excerpt":{"rendered":"<p>\u017dao nam je \u0161to ste tra\u017eili da otka\u017eete termin. Poslali smo e-mail obave\u0161tenje o otkazivanju termina. Zato kliknite na dugme da biste otkazali termin.<\/p>\n","protected":false},"author":1,"featured_media":0,"parent":0,"menu_order":0,"comment_status":"open","ping_status":"closed","template":"","meta":{"_acf_changed":false,"footnotes":""},"class_list":["post-230","page","type-page","status-publish","hentry"],"acf":[],"_links":{"self":[{"href":"https:\/\/emperus.rs\/staging\/wp-json\/wp\/v2\/pages\/230","targetHints":{"allow":["GET"]}}],"collection":[{"href":"https:\/\/emperus.rs\/staging\/wp-json\/wp\/v2\/pages"}],"about":[{"href":"https:\/\/emperus.rs\/staging\/wp-json\/wp\/v2\/types\/page"}],"author":[{"embeddable":true,"href":"https:\/\/emperus.rs\/staging\/wp-json\/wp\/v2\/users\/1"}],"replies":[{"embeddable":true,"href":"https:\/\/emperus.rs\/staging\/wp-json\/wp\/v2\/comments?post=230"}],"version-history":[{"count":0,"href":"https:\/\/emperus.rs\/staging\/wp-json\/wp\/v2\/pages\/230\/revisions"}],"wp:attachment":[{"href":"https:\/\/emperus.rs\/staging\/wp-json\/wp\/v2\/media?parent=230"}],"curies":[{"name":"wp","href":"https:\/\/api.w.org\/{rel}","templated":true}]}}