{"id":4038,"date":"2025-05-01T02:35:37","date_gmt":"2025-05-01T00:35:37","guid":{"rendered":"https:\/\/emperus.rs\/staging\/?post_type=product&#038;p=4038"},"modified":"2026-03-15T06:57:08","modified_gmt":"2026-03-15T04:57:08","slug":"emperus-18","status":"publish","type":"product","link":"https:\/\/emperus.rs\/staging\/emperus-18\/","title":{"rendered":"EMPERUS 18"},"content":{"rendered":"","protected":false},"excerpt":{"rendered":"<ul>\n<li>Kupa\u017ea destilata autohtonih sorti \u2013 gde dominira moravka, uz pa\u017eljivo odabrane destilate: crvene ranke, po\u017eega\u010de, trno\u0161ljive, belo\u0161ljive, crno\u0161ljive i metla\u0161a &#8211; majstorski ukomponovanih u jedinstveno harmoni\u010dno, bogato te\u010dno jezgro<\/li>\n<li>Desetine godina odle\u017eavanja, koje su donele izra\u017eenu kompleksnost, slojevitost aroma i zavr\u0161etak za pam\u0107enje<\/li>\n<li>Note marcipana, le\u0161nika i suvog gro\u017e\u0111a, sa trajnim utiskom tanina iz hrasta kitnjaka<\/li>\n<\/ul>\n","protected":false},"featured_media":4039,"comment_status":"open","ping_status":"closed","template":"","meta":{"_acf_changed":false},"product_brand":[],"product_cat":[179],"product_tag":[],"class_list":{"0":"post-4038","1":"product","2":"type-product","3":"status-publish","4":"has-post-thumbnail","6":"product_cat-emperus-premijum","8":"first","9":"instock","10":"shipping-taxable","11":"purchasable","12":"product-type-simple"},"acf":[],"_links":{"self":[{"href":"https:\/\/emperus.rs\/staging\/wp-json\/wp\/v2\/product\/4038","targetHints":{"allow":["GET"]}}],"collection":[{"href":"https:\/\/emperus.rs\/staging\/wp-json\/wp\/v2\/product"}],"about":[{"href":"https:\/\/emperus.rs\/staging\/wp-json\/wp\/v2\/types\/product"}],"replies":[{"embeddable":true,"href":"https:\/\/emperus.rs\/staging\/wp-json\/wp\/v2\/comments?post=4038"}],"version-history":[{"count":4,"href":"https:\/\/emperus.rs\/staging\/wp-json\/wp\/v2\/product\/4038\/revisions"}],"predecessor-version":[{"id":4702,"href":"https:\/\/emperus.rs\/staging\/wp-json\/wp\/v2\/product\/4038\/revisions\/4702"}],"wp:featuredmedia":[{"embeddable":true,"href":"https:\/\/emperus.rs\/staging\/wp-json\/wp\/v2\/media\/4039"}],"wp:attachment":[{"href":"https:\/\/emperus.rs\/staging\/wp-json\/wp\/v2\/media?parent=4038"}],"wp:term":[{"taxonomy":"product_brand","embeddable":true,"href":"https:\/\/emperus.rs\/staging\/wp-json\/wp\/v2\/product_brand?post=4038"},{"taxonomy":"product_cat","embeddable":true,"href":"https:\/\/emperus.rs\/staging\/wp-json\/wp\/v2\/product_cat?post=4038"},{"taxonomy":"product_tag","embeddable":true,"href":"https:\/\/emperus.rs\/staging\/wp-json\/wp\/v2\/product_tag?post=4038"}],"curies":[{"name":"wp","href":"https:\/\/api.w.org\/{rel}","templated":true}]}}