{"id":4045,"date":"2025-05-01T02:46:48","date_gmt":"2025-05-01T00:46:48","guid":{"rendered":"https:\/\/emperus.rs\/staging\/?post_type=product&#038;p=4045"},"modified":"2026-03-05T06:09:57","modified_gmt":"2026-03-05T04:09:57","slug":"emperus-15","status":"publish","type":"product","link":"https:\/\/emperus.rs\/staging\/emperus-15\/","title":{"rendered":"EMPERUS 15"},"content":{"rendered":"","protected":false},"excerpt":{"rendered":"<ul>\n<li>Kupa\u017ea destilata autohtonih sorti \u2013 gde dominiraju crvena ranka i debelja\u010da, uz pa\u017eljivo odabrane destilate po\u017eega\u010de, turgunje i trno\u0161ljive \u2013 virtuozno ukomponovanih u izda\u0161nu, neponovljivu esenciju<\/li>\n<li>Pregr\u0161t godina u srpskom hrastu kitnjaku, utkalo je slojevitost, postojanost i zavr\u0161etak pun snage i dostojanstva za dugo pam\u0107enje<\/li>\n<li>Note zrelih kajsija i oraha, obavijene mednim tonovima, sa prepoznatljivim \u010dokoladnim akcentima i pe\u010datom tanina hrasta kitnjaka.<\/li>\n<\/ul>\n","protected":false},"featured_media":4046,"comment_status":"open","ping_status":"closed","template":"","meta":{"_acf_changed":false},"product_brand":[],"product_cat":[179],"product_tag":[],"class_list":{"0":"post-4045","1":"product","2":"type-product","3":"status-publish","4":"has-post-thumbnail","6":"product_cat-emperus-premijum","8":"first","9":"instock","10":"shipping-taxable","11":"purchasable","12":"product-type-simple"},"acf":[],"_links":{"self":[{"href":"https:\/\/emperus.rs\/staging\/wp-json\/wp\/v2\/product\/4045","targetHints":{"allow":["GET"]}}],"collection":[{"href":"https:\/\/emperus.rs\/staging\/wp-json\/wp\/v2\/product"}],"about":[{"href":"https:\/\/emperus.rs\/staging\/wp-json\/wp\/v2\/types\/product"}],"replies":[{"embeddable":true,"href":"https:\/\/emperus.rs\/staging\/wp-json\/wp\/v2\/comments?post=4045"}],"version-history":[{"count":2,"href":"https:\/\/emperus.rs\/staging\/wp-json\/wp\/v2\/product\/4045\/revisions"}],"predecessor-version":[{"id":4060,"href":"https:\/\/emperus.rs\/staging\/wp-json\/wp\/v2\/product\/4045\/revisions\/4060"}],"wp:featuredmedia":[{"embeddable":true,"href":"https:\/\/emperus.rs\/staging\/wp-json\/wp\/v2\/media\/4046"}],"wp:attachment":[{"href":"https:\/\/emperus.rs\/staging\/wp-json\/wp\/v2\/media?parent=4045"}],"wp:term":[{"taxonomy":"product_brand","embeddable":true,"href":"https:\/\/emperus.rs\/staging\/wp-json\/wp\/v2\/product_brand?post=4045"},{"taxonomy":"product_cat","embeddable":true,"href":"https:\/\/emperus.rs\/staging\/wp-json\/wp\/v2\/product_cat?post=4045"},{"taxonomy":"product_tag","embeddable":true,"href":"https:\/\/emperus.rs\/staging\/wp-json\/wp\/v2\/product_tag?post=4045"}],"curies":[{"name":"wp","href":"https:\/\/api.w.org\/{rel}","templated":true}]}}