{"id":4569,"date":"2026-03-05T06:05:37","date_gmt":"2026-03-05T04:05:37","guid":{"rendered":"https:\/\/emperus.rs\/staging\/?post_type=product&#038;p=4569"},"modified":"2026-03-07T07:02:46","modified_gmt":"2026-03-07T05:02:46","slug":"emperus-delicia-rakija-od-jabuke-barik-10","status":"publish","type":"product","link":"https:\/\/emperus.rs\/staging\/emperus-delicia-rakija-od-jabuke-barik-10\/","title":{"rendered":"EMPERUS Delicia, rakija od jabuke, barik 10"},"content":{"rendered":"","protected":false},"excerpt":{"rendered":"<p>\u2022 Budimka \u2013 zaboravljena sorta vra\u0107ena na svoj presto<br \/>\n\u2022 Decenija strpljenja pretvorena u savr\u0161enu simfoniju vanile i jabuke<br \/>\n\u2022 Puna, zaokru\u017eena struktura koja se razvija u slojevima meda i karamele<br \/>\n\u2022 Dug, ne\u017eno sladak zavr\u0161etak sa skladom vo\u0107a i hrasta<\/p>\n","protected":false},"featured_media":4681,"comment_status":"open","ping_status":"closed","template":"","meta":{"_acf_changed":false},"product_brand":[],"product_cat":[179],"product_tag":[],"class_list":{"0":"post-4569","1":"product","2":"type-product","3":"status-publish","4":"has-post-thumbnail","6":"product_cat-emperus-premijum","8":"first","9":"instock","10":"shipping-taxable","11":"purchasable","12":"product-type-simple"},"acf":[],"_links":{"self":[{"href":"https:\/\/emperus.rs\/staging\/wp-json\/wp\/v2\/product\/4569","targetHints":{"allow":["GET"]}}],"collection":[{"href":"https:\/\/emperus.rs\/staging\/wp-json\/wp\/v2\/product"}],"about":[{"href":"https:\/\/emperus.rs\/staging\/wp-json\/wp\/v2\/types\/product"}],"replies":[{"embeddable":true,"href":"https:\/\/emperus.rs\/staging\/wp-json\/wp\/v2\/comments?post=4569"}],"version-history":[{"count":1,"href":"https:\/\/emperus.rs\/staging\/wp-json\/wp\/v2\/product\/4569\/revisions"}],"predecessor-version":[{"id":4571,"href":"https:\/\/emperus.rs\/staging\/wp-json\/wp\/v2\/product\/4569\/revisions\/4571"}],"wp:featuredmedia":[{"embeddable":true,"href":"https:\/\/emperus.rs\/staging\/wp-json\/wp\/v2\/media\/4681"}],"wp:attachment":[{"href":"https:\/\/emperus.rs\/staging\/wp-json\/wp\/v2\/media?parent=4569"}],"wp:term":[{"taxonomy":"product_brand","embeddable":true,"href":"https:\/\/emperus.rs\/staging\/wp-json\/wp\/v2\/product_brand?post=4569"},{"taxonomy":"product_cat","embeddable":true,"href":"https:\/\/emperus.rs\/staging\/wp-json\/wp\/v2\/product_cat?post=4569"},{"taxonomy":"product_tag","embeddable":true,"href":"https:\/\/emperus.rs\/staging\/wp-json\/wp\/v2\/product_tag?post=4569"}],"curies":[{"name":"wp","href":"https:\/\/api.w.org\/{rel}","templated":true}]}}