{"id":4591,"date":"2026-03-05T06:54:12","date_gmt":"2026-03-05T04:54:12","guid":{"rendered":"https:\/\/emperus.rs\/staging\/?post_type=product&#038;p=4591"},"modified":"2026-03-15T06:45:52","modified_gmt":"2026-03-15T04:45:52","slug":"emperus-victory-rakija-od-dunje-barik-10-2","status":"publish","type":"product","link":"https:\/\/emperus.rs\/staging\/emperus-victory-rakija-od-dunje-barik-10-2\/","title":{"rendered":"EMPERUS Victory, rakija od dunje, barik 10"},"content":{"rendered":"","protected":false},"excerpt":{"rendered":"<p>EMPERUS Victory je precizno oblikovana kupa\u017ea na\u0161ih najstarijih destilata od dunje, iz 2012. i 2013. godine. Na Smotri najboljih srpskih rakija od dunje, tri puta osvojila pobedni\u010dki pehar u periodu od 2023. do 2025. godine.<\/p>\n<p>\u2022 Proizvedena isklju\u010divo od dunja iz EMPERUS vo\u0107njaka<br \/>\n\u2022 Rakija od dunje sna\u017enog hrastovog identiteta i \u010distog vo\u0107nog potpisa<br \/>\n\u2022 Intenzivna aroma zrele dunje sa slojevima vanile i finih za\u010dina iz hrasta<br \/>\n\u2022 Puna, zaokru\u017eena struktura i duga, elegantna zavr\u0161nica koja ostaje<\/p>\n","protected":false},"featured_media":4593,"comment_status":"open","ping_status":"closed","template":"","meta":{"_acf_changed":false},"product_brand":[],"product_cat":[183],"product_tag":[],"class_list":{"0":"post-4591","1":"product","2":"type-product","3":"status-publish","4":"has-post-thumbnail","6":"product_cat-vocne-rakije","8":"first","9":"instock","10":"shipping-taxable","11":"purchasable","12":"product-type-simple"},"acf":[],"_links":{"self":[{"href":"https:\/\/emperus.rs\/staging\/wp-json\/wp\/v2\/product\/4591","targetHints":{"allow":["GET"]}}],"collection":[{"href":"https:\/\/emperus.rs\/staging\/wp-json\/wp\/v2\/product"}],"about":[{"href":"https:\/\/emperus.rs\/staging\/wp-json\/wp\/v2\/types\/product"}],"replies":[{"embeddable":true,"href":"https:\/\/emperus.rs\/staging\/wp-json\/wp\/v2\/comments?post=4591"}],"version-history":[{"count":2,"href":"https:\/\/emperus.rs\/staging\/wp-json\/wp\/v2\/product\/4591\/revisions"}],"predecessor-version":[{"id":4701,"href":"https:\/\/emperus.rs\/staging\/wp-json\/wp\/v2\/product\/4591\/revisions\/4701"}],"wp:featuredmedia":[{"embeddable":true,"href":"https:\/\/emperus.rs\/staging\/wp-json\/wp\/v2\/media\/4593"}],"wp:attachment":[{"href":"https:\/\/emperus.rs\/staging\/wp-json\/wp\/v2\/media?parent=4591"}],"wp:term":[{"taxonomy":"product_brand","embeddable":true,"href":"https:\/\/emperus.rs\/staging\/wp-json\/wp\/v2\/product_brand?post=4591"},{"taxonomy":"product_cat","embeddable":true,"href":"https:\/\/emperus.rs\/staging\/wp-json\/wp\/v2\/product_cat?post=4591"},{"taxonomy":"product_tag","embeddable":true,"href":"https:\/\/emperus.rs\/staging\/wp-json\/wp\/v2\/product_tag?post=4591"}],"curies":[{"name":"wp","href":"https:\/\/api.w.org\/{rel}","templated":true}]}}