{"id":4609,"date":"2026-03-05T07:11:05","date_gmt":"2026-03-05T05:11:05","guid":{"rendered":"https:\/\/emperus.rs\/staging\/?post_type=product&#038;p=4609"},"modified":"2026-03-05T07:11:06","modified_gmt":"2026-03-05T05:11:06","slug":"emperus-liker-od-sljive","status":"publish","type":"product","link":"https:\/\/emperus.rs\/staging\/emperus-liker-od-sljive\/","title":{"rendered":"EMPERUS Liker od \u0161ljive"},"content":{"rendered":"","protected":false},"excerpt":{"rendered":"<p>\u2022 Izabrani, potpuno zreli plodovi \u0161ljive iz \u0160umadije, u trenutku pune slasti i so\u010dnosti<br \/>\n\u2022 Prirodni \u0161e\u0107eri i arome rastvoreni u destilatu, donose\u0107i dubinu, boju i kontrolisanu slast<br \/>\n\u2022 Zasla\u0111eno bagremovim medom, za sklad vo\u0107ne topline i medene meko\u0107e<br \/>\n\u2022 Miris otvara zrela \u0161ljiva, d\u017eem i su\u0161eno vo\u0107e, uz med, vanilu i karamelu<br \/>\n\u2022 Slu\u017ei se blago rashla\u0111en na 12\u201314 \u00b0C, uz \u010dokoladu, orahe i deserte svih vrsta<\/p>\n","protected":false},"featured_media":4611,"comment_status":"open","ping_status":"closed","template":"","meta":{"_acf_changed":false},"product_brand":[],"product_cat":[187],"product_tag":[],"class_list":{"0":"post-4609","1":"product","2":"type-product","3":"status-publish","4":"has-post-thumbnail","6":"product_cat-likeri","8":"first","9":"instock","10":"shipping-taxable","11":"purchasable","12":"product-type-simple"},"acf":[],"_links":{"self":[{"href":"https:\/\/emperus.rs\/staging\/wp-json\/wp\/v2\/product\/4609","targetHints":{"allow":["GET"]}}],"collection":[{"href":"https:\/\/emperus.rs\/staging\/wp-json\/wp\/v2\/product"}],"about":[{"href":"https:\/\/emperus.rs\/staging\/wp-json\/wp\/v2\/types\/product"}],"replies":[{"embeddable":true,"href":"https:\/\/emperus.rs\/staging\/wp-json\/wp\/v2\/comments?post=4609"}],"version-history":[{"count":1,"href":"https:\/\/emperus.rs\/staging\/wp-json\/wp\/v2\/product\/4609\/revisions"}],"predecessor-version":[{"id":4612,"href":"https:\/\/emperus.rs\/staging\/wp-json\/wp\/v2\/product\/4609\/revisions\/4612"}],"wp:featuredmedia":[{"embeddable":true,"href":"https:\/\/emperus.rs\/staging\/wp-json\/wp\/v2\/media\/4611"}],"wp:attachment":[{"href":"https:\/\/emperus.rs\/staging\/wp-json\/wp\/v2\/media?parent=4609"}],"wp:term":[{"taxonomy":"product_brand","embeddable":true,"href":"https:\/\/emperus.rs\/staging\/wp-json\/wp\/v2\/product_brand?post=4609"},{"taxonomy":"product_cat","embeddable":true,"href":"https:\/\/emperus.rs\/staging\/wp-json\/wp\/v2\/product_cat?post=4609"},{"taxonomy":"product_tag","embeddable":true,"href":"https:\/\/emperus.rs\/staging\/wp-json\/wp\/v2\/product_tag?post=4609"}],"curies":[{"name":"wp","href":"https:\/\/api.w.org\/{rel}","templated":true}]}}